{"id":1284,"date":"2022-01-11T02:22:52","date_gmt":"2022-01-11T02:22:52","guid":{"rendered":"https:\/\/gaviaspreview.com\/wp\/paroti\/?page_id=1284"},"modified":"2025-10-18T20:17:47","modified_gmt":"2025-10-18T20:17:47","slug":"donations-grid","status":"publish","type":"page","link":"https:\/\/autistasdemexico.org\/index.php\/donations-grid\/","title":{"rendered":"Servicios Especiales"},"content":{"rendered":"\t\t<div data-elementor-type=\"wp-page\" data-elementor-id=\"1284\" class=\"elementor elementor-1284\">\n\t\t\t\t\t\t<section class=\"elementor-section elementor-top-section elementor-element elementor-element-aa8f17c elementor-section-boxed elementor-section-height-default elementor-section-height-default\" data-id=\"aa8f17c\" data-element_type=\"section\" data-e-type=\"section\" data-settings=\"{&quot;tmea_shape_divider_top&quot;:&quot;none&quot;,&quot;tmea_shape_divider_bottom&quot;:&quot;none&quot;}\">\n\t\t\t\t\t\t<div class=\"elementor-container elementor-column-gap-default\">\n\t\t\t\t\t<div class=\"elementor-column elementor-col-100 elementor-top-column elementor-element elementor-element-69e950c\" data-id=\"69e950c\" data-element_type=\"column\" data-e-type=\"column\">\n\t\t\t<div class=\"elementor-widget-wrap elementor-element-populated\">\n\t\t\t\t\n\t\t<div class=\"elementor-element elementor-element-0eb1654 elementor-widget elementor-widget-gva-heading-block\" data-id=\"0eb1654\" data-element_type=\"widget\" data-e-type=\"widget\" data-widget_type=\"gva-heading-block.default\">\n\t\t\t\t<div class=\"elementor-widget-container\">\n\t\t\t\t\t<div class=\"gva-element-gva-heading-block gva-element\">   <div class=\"align-center style-1 widget gsc-heading box-align-center auto-responsive\">\r\n      <div class=\"content-inner\">\r\n         \r\n                  \r\n         <div class=\"sub-title\"><span class=\"tagline\">Cada Donaci\u00f3n Cuenta<\/span><\/div>  \r\n         \r\n                     <h2 class=\"title\">\r\n               <span>Estamos aqu\u00ed para ayudar y construir un futuro m\u00e1s inclusivo.<\/span>\r\n            <\/h2>\r\n                  \r\n         \r\n         \r\n      <\/div>\r\n   <\/div>\r\n<\/div>\t\t\t\t<\/div>\n\t\t\t\t<\/div>\n\t\t\t\t<div class=\"elementor-element elementor-element-7154dbf elementor-widget elementor-widget-gva-give-forms\" data-id=\"7154dbf\" data-element_type=\"widget\" data-e-type=\"widget\" data-widget_type=\"gva-give-forms.default\">\n\t\t\t\t<div class=\"elementor-widget-container\">\n\t\t\t\t\t<div class=\"gva-element-gva-give-forms gva-element\">  \r\n<div class=\"wpgive-forms-grid clearfix grid-wbai\">\r\n\t<div class=\"gva-content-items\"> \r\n\t  \t<div class=\"lg-block-grid-3 md-block-grid-3 sm-block-grid-2 xs-block-grid-2 xx-block-grid-1\">\r\n\t\t\t<div class=\"item\"> \r\n\r\n<div class=\"give-block\" style=\"--give-color:#b55a15\">\r\n   <div class=\"post-2617 give_forms type-give_forms status-publish has-post-thumbnail\">\r\n      \r\n      <div class=\"form-image\">\r\n         <div class=\"content-inner\">\r\n                           <a class=\"link-content\" href=\"https:\/\/autistasdemexico.org\/index.php\/donations\/donaciones_autistasdemexico\/\"><img fetchpriority=\"high\" decoding=\"async\" width=\"580\" height=\"435\" src=\"https:\/\/autistasdemexico.org\/wp-content\/uploads\/2022\/08\/beauty-art-and-woman-with-paint-on-face-and-hands-2023-11-27-05-01-32-utc-580x435.jpg\" class=\"attachment-post-thumbnail size-post-thumbnail wp-post-image\" alt=\"\" \/><\/a>\r\n                     <\/div>\r\n         <div class=\"content-top\">\r\n            <div class=\"campaign-category\">\r\n                           <\/div> \r\n            \r\n\t\r\n\t<div class=\"campaign-media\">\r\n\t\t<div class=\"givewp-gallery\"> \r\n\t\t  \t<div class=\"lightGallery\">\r\n\t\t\t \t\t\t\t\t\t\t\t<div class=\"image-item\">\r\n\t\t\t\t\t\t\t\t<a href=\"https:\/\/autistasdemexico.org\/wp-content\/uploads\/2025\/01\/451982284_474972815248400_1896975900840865427_n.jpg\" class=\"zoomGallery\" data-elementor-lightbox-slideshow=\"gallery-184140559\">\r\n\t\t\t\t\t\t\t\t\t<span class=\"icon-expand\">\r\n\t\t\t\t\t\t\t\t\t  \t<i class=\"las la-camera\"><\/i>\r\n\t\t\t\t\t\t\t\t\t  \t<span class=\"count\">1<\/span>\r\n\t\t\t\t\t\t\t\t\t<\/span>\r\n\t\t\t\t\t\t\t\t\t<img decoding=\"async\" src=\"https:\/\/autistasdemexico.org\/wp-content\/uploads\/2025\/01\/451982284_474972815248400_1896975900840865427_n-175x175.jpg\"  class=\"hidden\" alt=\"Donaciones Autistas de Mexico\" \/>\r\n\t\t\t\t\t\t\t\t<\/a>\r\n\t\t\t\t\t\t\t<\/div>\r\n\t\t\t\t\t\t\t\t  \t<\/div>\r\n\t\t<\/div>\r\n\r\n\t\t\r\n\t<\/div>\r\n\r\n         <\/div> \r\n      <\/div>\r\n\r\n      <div class=\"give-form-content\">\r\n         <div class=\"content-inner\">\r\n            \r\n            <h2 class=\"title\"><a href=\"https:\/\/autistasdemexico.org\/index.php\/donations\/donaciones_autistasdemexico\/\">Donaciones Autistas de Mexico<\/a><\/h2>\r\n            \r\n            <div class=\"desc\">Valoramos profundamente la importancia de conocer y comprender el perfil<\/div>\r\n            \r\n            <div class=\"give-form-meta\">\r\n               \r\n               <div class=\"form-process\">\r\n                  <div class=\"funded\">\r\n                     <div class=\"give__progress\">\r\n                        <div class=\"give__progress-bar\" data-progress-animation=\"0%\">\r\n                                                         <span class=\"percentage\">0%<\/span>\r\n                             \r\n                        <\/div>\r\n                     <\/div>\r\n                  <\/div>\r\n               <\/div>\r\n               \r\n               <div class=\"campaign-values\">\r\n                  <div class=\"campaign-raised\">\r\n                     <span class=\"value\">&#036;0<\/span>\r\n                     <span class=\"label\">Raised<\/span> \r\n                  <\/div>\r\n                  <div class=\"campaign-goal\">\r\n                     <span class=\"value\">&#036;1.00<\/span>\r\n                     <span class=\"label\">Goal<\/span> \r\n                  <\/div> \r\n               <\/div>\r\n\r\n            <\/div>\r\n\r\n         <\/div>   \r\n\r\n      <\/div>\r\n   <\/div>\r\n<\/div>\r\n\r\n      \r\n<\/div><div class=\"item\"> \r\n\r\n<div class=\"give-block\" style=\"--give-color:#F1A91C\">\r\n   <div class=\"post-1477 give_forms type-give_forms status-publish has-post-thumbnail\">\r\n      \r\n      <div class=\"form-image\">\r\n         <div class=\"content-inner\">\r\n                           <a class=\"link-content\" href=\"https:\/\/autistasdemexico.org\/index.php\/donations\/diagnostico_solidario\/\"><img decoding=\"async\" width=\"580\" height=\"435\" src=\"https:\/\/autistasdemexico.org\/wp-content\/uploads\/2025\/01\/1-580x435.jpeg\" class=\"attachment-post-thumbnail size-post-thumbnail wp-post-image\" alt=\"\" \/><\/a>\r\n                     <\/div>\r\n         <div class=\"content-top\">\r\n            <div class=\"campaign-category\">\r\n                           <\/div> \r\n            \r\n\t\r\n\t<div class=\"campaign-media\">\r\n\t\t<div class=\"givewp-gallery\"> \r\n\t\t  \t<div class=\"lightGallery\">\r\n\t\t\t \t\t\t\t\t\t\t\t<div class=\"image-item\">\r\n\t\t\t\t\t\t\t\t<a href=\"https:\/\/autistasdemexico.org\/wp-content\/uploads\/2025\/01\/1.jpeg\" class=\"zoomGallery\" data-elementor-lightbox-slideshow=\"gallery-121536995\">\r\n\t\t\t\t\t\t\t\t\t<span class=\"icon-expand\">\r\n\t\t\t\t\t\t\t\t\t  \t<i class=\"las la-camera\"><\/i>\r\n\t\t\t\t\t\t\t\t\t  \t<span class=\"count\">1<\/span>\r\n\t\t\t\t\t\t\t\t\t<\/span>\r\n\t\t\t\t\t\t\t\t\t<img decoding=\"async\" src=\"https:\/\/autistasdemexico.org\/wp-content\/uploads\/2025\/01\/1-175x175.jpeg\"  class=\"hidden\" alt=\"Diagn\u00f3stico diferencial de Autismo y Atenci\u00f3n Divergente (TDAH)\" \/>\r\n\t\t\t\t\t\t\t\t<\/a>\r\n\t\t\t\t\t\t\t<\/div>\r\n\t\t\t\t\t\t\t\t  \t<\/div>\r\n\t\t<\/div>\r\n\r\n\t\t\r\n\t<\/div>\r\n\r\n         <\/div> \r\n      <\/div>\r\n\r\n      <div class=\"give-form-content\">\r\n         <div class=\"content-inner\">\r\n            \r\n            <h2 class=\"title\"><a href=\"https:\/\/autistasdemexico.org\/index.php\/donations\/diagnostico_solidario\/\">Diagn\u00f3stico diferencial de Autismo y Atenci\u00f3n Divergente (TDAH)<\/a><\/h2>\r\n            \r\n            <div class=\"desc\">Diagn\u00f3stico diferencial online de Autismo y TDAH, inclusivo, con perspectiva<\/div>\r\n            \r\n            <div class=\"give-form-meta\">\r\n               \r\n               <div class=\"form-process\">\r\n                  <div class=\"funded\">\r\n                     <div class=\"give__progress\">\r\n                        <div class=\"give__progress-bar\" data-progress-animation=\"100%\">\r\n                                                         <span class=\"percentage percentage-left\">100%<\/span>\r\n                             \r\n                        <\/div>\r\n                     <\/div>\r\n                  <\/div>\r\n               <\/div>\r\n               \r\n               <div class=\"campaign-values\">\r\n                  <div class=\"campaign-raised\">\r\n                     <span class=\"value\">&#036;5,800.00<\/span>\r\n                     <span class=\"label\">Raised<\/span> \r\n                  <\/div>\r\n                  <div class=\"campaign-goal\">\r\n                     <span class=\"value\">Unlimited<\/span>\r\n                     <span class=\"label\">Goal<\/span> \r\n                  <\/div> \r\n               <\/div>\r\n\r\n            <\/div>\r\n\r\n         <\/div>   \r\n\r\n      <\/div>\r\n   <\/div>\r\n<\/div>\r\n\r\n      \r\n<\/div><div class=\"item\"> \r\n\r\n<div class=\"give-block\" style=\"--give-color:#CEAA6A\">\r\n   <div class=\"post-1475 give_forms type-give_forms status-publish has-post-thumbnail\">\r\n      \r\n      <div class=\"form-image\">\r\n         <div class=\"content-inner\">\r\n                           <a class=\"link-content\" href=\"https:\/\/autistasdemexico.org\/index.php\/donations\/give-african-childrens-a-good-education\/\"><img decoding=\"async\" width=\"580\" height=\"435\" src=\"https:\/\/autistasdemexico.org\/wp-content\/uploads\/2022\/08\/intimate-moments-in-a-bedroom-2024-11-09-12-08-56-utc-580x435.jpg\" class=\"attachment-post-thumbnail size-post-thumbnail wp-post-image\" alt=\"\" \/><\/a>\r\n                     <\/div>\r\n         <div class=\"content-top\">\r\n            <div class=\"campaign-category\">\r\n                           <\/div> \r\n            \r\n\t\r\n\t<div class=\"campaign-media\">\r\n\t\t<div class=\"givewp-gallery\"> \r\n\t\t  \t<div class=\"lightGallery\">\r\n\t\t\t \t\t\t\t\t\t\t\t<div class=\"image-item\">\r\n\t\t\t\t\t\t\t\t<a href=\"https:\/\/autistasdemexico.org\/wp-content\/uploads\/2022\/08\/intimate-moments-in-a-bedroom-2024-11-09-12-08-56-utc-scaled.jpg\" class=\"zoomGallery\" data-elementor-lightbox-slideshow=\"gallery-4024674415\">\r\n\t\t\t\t\t\t\t\t\t<span class=\"icon-expand\">\r\n\t\t\t\t\t\t\t\t\t  \t<i class=\"las la-camera\"><\/i>\r\n\t\t\t\t\t\t\t\t\t  \t<span class=\"count\">1<\/span>\r\n\t\t\t\t\t\t\t\t\t<\/span>\r\n\t\t\t\t\t\t\t\t\t<img decoding=\"async\" src=\"https:\/\/autistasdemexico.org\/wp-content\/uploads\/2022\/08\/intimate-moments-in-a-bedroom-2024-11-09-12-08-56-utc-175x175.jpg\"  class=\"hidden\" alt=\"Diagn\u00f3stico de Altas Capacidades\" \/>\r\n\t\t\t\t\t\t\t\t<\/a>\r\n\t\t\t\t\t\t\t<\/div>\r\n\t\t\t\t\t\t\t\t  \t<\/div>\r\n\t\t<\/div>\r\n\r\n\t\t\r\n\t<\/div>\r\n\r\n         <\/div> \r\n      <\/div>\r\n\r\n      <div class=\"give-form-content\">\r\n         <div class=\"content-inner\">\r\n            \r\n            <h2 class=\"title\"><a href=\"https:\/\/autistasdemexico.org\/index.php\/donations\/give-african-childrens-a-good-education\/\">Diagn\u00f3stico de Altas Capacidades<\/a><\/h2>\r\n            \r\n            <div class=\"desc\">En nuestra asociaci\u00f3n civil, entendemos la importancia de brindar un<\/div>\r\n            \r\n            <div class=\"give-form-meta\">\r\n               \r\n               <div class=\"form-process\">\r\n                  <div class=\"funded\">\r\n                     <div class=\"give__progress\">\r\n                        <div class=\"give__progress-bar\" data-progress-animation=\"7.6%\">\r\n                                                         <span class=\"percentage\">7.6%<\/span>\r\n                             \r\n                        <\/div>\r\n                     <\/div>\r\n                  <\/div>\r\n               <\/div>\r\n               \r\n               <div class=\"campaign-values\">\r\n                  <div class=\"campaign-raised\">\r\n                     <span class=\"value\">&#036;7,600.00<\/span>\r\n                     <span class=\"label\">Raised<\/span> \r\n                  <\/div>\r\n                  <div class=\"campaign-goal\">\r\n                     <span class=\"value\">&#036;100,000.00<\/span>\r\n                     <span class=\"label\">Goal<\/span> \r\n                  <\/div> \r\n               <\/div>\r\n\r\n            <\/div>\r\n\r\n         <\/div>   \r\n\r\n      <\/div>\r\n   <\/div>\r\n<\/div>\r\n\r\n      \r\n<\/div><div class=\"item\"> \r\n\r\n<div class=\"give-block\" style=\"--give-color:#138999\">\r\n   <div class=\"post-1473 give_forms type-give_forms status-publish has-post-thumbnail\">\r\n      \r\n      <div class=\"form-image\">\r\n         <div class=\"content-inner\">\r\n                           <a class=\"link-content\" href=\"https:\/\/autistasdemexico.org\/index.php\/donations\/raise-funds-for-clean-healthy-food\/\"><img loading=\"lazy\" decoding=\"async\" width=\"580\" height=\"435\" src=\"https:\/\/autistasdemexico.org\/wp-content\/uploads\/2022\/08\/the-boy-listens-to-music-with-headphones-2025-01-08-20-37-46-utc-580x435.jpg\" class=\"attachment-post-thumbnail size-post-thumbnail wp-post-image\" alt=\"\" \/><\/a>\r\n                     <\/div>\r\n         <div class=\"content-top\">\r\n            <div class=\"campaign-category\">\r\n                           <\/div> \r\n            \r\n\t\r\n\t<div class=\"campaign-media\">\r\n\t\t<div class=\"givewp-gallery\"> \r\n\t\t  \t<div class=\"lightGallery\">\r\n\t\t\t \t\t\t\t\t\t\t\t<div class=\"image-item\">\r\n\t\t\t\t\t\t\t\t<a href=\"https:\/\/autistasdemexico.org\/wp-content\/uploads\/2022\/08\/the-boy-listens-to-music-with-headphones-2025-01-08-20-37-46-utc-scaled.jpg\" class=\"zoomGallery\" data-elementor-lightbox-slideshow=\"gallery-4096603441\">\r\n\t\t\t\t\t\t\t\t\t<span class=\"icon-expand\">\r\n\t\t\t\t\t\t\t\t\t  \t<i class=\"las la-camera\"><\/i>\r\n\t\t\t\t\t\t\t\t\t  \t<span class=\"count\">1<\/span>\r\n\t\t\t\t\t\t\t\t\t<\/span>\r\n\t\t\t\t\t\t\t\t\t<img decoding=\"async\" src=\"https:\/\/autistasdemexico.org\/wp-content\/uploads\/2022\/08\/the-boy-listens-to-music-with-headphones-2025-01-08-20-37-46-utc-175x175.jpg\"  class=\"hidden\" alt=\"Apoyo Para Padres y Cuidadores\" \/>\r\n\t\t\t\t\t\t\t\t<\/a>\r\n\t\t\t\t\t\t\t<\/div>\r\n\t\t\t\t\t\t\t\t  \t<\/div>\r\n\t\t<\/div>\r\n\r\n\t\t\r\n\t<\/div>\r\n\r\n         <\/div> \r\n      <\/div>\r\n\r\n      <div class=\"give-form-content\">\r\n         <div class=\"content-inner\">\r\n            \r\n            <h2 class=\"title\"><a href=\"https:\/\/autistasdemexico.org\/index.php\/donations\/raise-funds-for-clean-healthy-food\/\">Apoyo Para Padres y Cuidadores<\/a><\/h2>\r\n            \r\n            <div class=\"desc\">En nuestro compromiso de brindar apoyo integral y amoroso, ofrecemos<\/div>\r\n            \r\n            <div class=\"give-form-meta\">\r\n               \r\n               <div class=\"form-process\">\r\n                  <div class=\"funded\">\r\n                     <div class=\"give__progress\">\r\n                        <div class=\"give__progress-bar\" data-progress-animation=\"9.6%\">\r\n                                                         <span class=\"percentage\">9.6%<\/span>\r\n                             \r\n                        <\/div>\r\n                     <\/div>\r\n                  <\/div>\r\n               <\/div>\r\n               \r\n               <div class=\"campaign-values\">\r\n                  <div class=\"campaign-raised\">\r\n                     <span class=\"value\">&#036;9,600.00<\/span>\r\n                     <span class=\"label\">Raised<\/span> \r\n                  <\/div>\r\n                  <div class=\"campaign-goal\">\r\n                     <span class=\"value\">&#036;100,000.00<\/span>\r\n                     <span class=\"label\">Goal<\/span> \r\n                  <\/div> \r\n               <\/div>\r\n\r\n            <\/div>\r\n\r\n         <\/div>   \r\n\r\n      <\/div>\r\n   <\/div>\r\n<\/div>\r\n\r\n      \r\n<\/div><div class=\"item\"> \r\n\r\n<div class=\"give-block\" style=\"--give-color:#b55a15\">\r\n   <div class=\"post-1471 give_forms type-give_forms status-publish has-post-thumbnail\">\r\n      \r\n      <div class=\"form-image\">\r\n         <div class=\"content-inner\">\r\n                           <a class=\"link-content\" href=\"https:\/\/autistasdemexico.org\/index.php\/donations\/clean-water-system-for-rural-poor\/\"><img fetchpriority=\"high\" decoding=\"async\" width=\"580\" height=\"435\" src=\"https:\/\/autistasdemexico.org\/wp-content\/uploads\/2022\/08\/beauty-art-and-woman-with-paint-on-face-and-hands-2023-11-27-05-01-32-utc-580x435.jpg\" class=\"attachment-post-thumbnail size-post-thumbnail wp-post-image\" alt=\"\" \/><\/a>\r\n                     <\/div>\r\n         <div class=\"content-top\">\r\n            <div class=\"campaign-category\">\r\n                           <\/div> \r\n            \r\n\t\r\n\t<div class=\"campaign-media\">\r\n\t\t<div class=\"givewp-gallery\"> \r\n\t\t  \t<div class=\"lightGallery\">\r\n\t\t\t \t\t\t\t\t\t\t\t<div class=\"image-item\">\r\n\t\t\t\t\t\t\t\t<a href=\"https:\/\/autistasdemexico.org\/wp-content\/uploads\/2025\/01\/451982284_474972815248400_1896975900840865427_n.jpg\" class=\"zoomGallery\" data-elementor-lightbox-slideshow=\"gallery-4131949150\">\r\n\t\t\t\t\t\t\t\t\t<span class=\"icon-expand\">\r\n\t\t\t\t\t\t\t\t\t  \t<i class=\"las la-camera\"><\/i>\r\n\t\t\t\t\t\t\t\t\t  \t<span class=\"count\">1<\/span>\r\n\t\t\t\t\t\t\t\t\t<\/span>\r\n\t\t\t\t\t\t\t\t\t<img decoding=\"async\" src=\"https:\/\/autistasdemexico.org\/wp-content\/uploads\/2025\/01\/451982284_474972815248400_1896975900840865427_n-175x175.jpg\"  class=\"hidden\" alt=\"Perfil Sensorial\" \/>\r\n\t\t\t\t\t\t\t\t<\/a>\r\n\t\t\t\t\t\t\t<\/div>\r\n\t\t\t\t\t\t\t\t  \t<\/div>\r\n\t\t<\/div>\r\n\r\n\t\t\r\n\t<\/div>\r\n\r\n         <\/div> \r\n      <\/div>\r\n\r\n      <div class=\"give-form-content\">\r\n         <div class=\"content-inner\">\r\n            \r\n            <h2 class=\"title\"><a href=\"https:\/\/autistasdemexico.org\/index.php\/donations\/clean-water-system-for-rural-poor\/\">Perfil Sensorial<\/a><\/h2>\r\n            \r\n            <div class=\"desc\">Valoramos profundamente la importancia de conocer y comprender el perfil<\/div>\r\n            \r\n            <div class=\"give-form-meta\">\r\n               \r\n               <div class=\"form-process\">\r\n                  <div class=\"funded\">\r\n                     <div class=\"give__progress\">\r\n                        <div class=\"give__progress-bar\" data-progress-animation=\"100%\">\r\n                                                         <span class=\"percentage percentage-left\">580000%<\/span>\r\n                             \r\n                        <\/div>\r\n                     <\/div>\r\n                  <\/div>\r\n               <\/div>\r\n               \r\n               <div class=\"campaign-values\">\r\n                  <div class=\"campaign-raised\">\r\n                     <span class=\"value\">&#036;5,800.00<\/span>\r\n                     <span class=\"label\">Raised<\/span> \r\n                  <\/div>\r\n                  <div class=\"campaign-goal\">\r\n                     <span class=\"value\">&#036;1.00<\/span>\r\n                     <span class=\"label\">Goal<\/span> \r\n                  <\/div> \r\n               <\/div>\r\n\r\n            <\/div>\r\n\r\n         <\/div>   \r\n\r\n      <\/div>\r\n   <\/div>\r\n<\/div>\r\n\r\n      \r\n<\/div>\t  \t<\/div>\r\n\t<\/div>\r\n\t<\/div>\r\n\r\n<\/div>\t\t\t\t<\/div>\n\t\t\t\t<\/div>\n\t\t\t\t\t<\/div>\n\t\t<\/div>\n\t\t\t\t\t<\/div>\n\t\t<\/section>\n\t\t\t\t<\/div>\n\t\t","protected":false},"excerpt":{"rendered":"<p>Cada Donaci\u00f3n Cuenta Estamos aqu\u00ed para ayudar y construir un futuro m\u00e1s inclusivo. Terapias 1 Diagn\u00f3stico Solidario Sabemos que cada persona es \u00fanica, y las circunstancias econ\u00f3micas 5.8% &#036;5,800.00 Raised [&hellip;]<\/p>\n","protected":false},"author":1,"featured_media":0,"parent":0,"menu_order":0,"comment_status":"closed","ping_status":"closed","template":"","meta":{"give_campaign_id":0,"_coblocks_attr":"","_coblocks_dimensions":"","_coblocks_responsive_height":"","_coblocks_accordion_ie_support":"","footnotes":""},"class_list":["post-1284","page","type-page","status-publish","hentry"],"campaignId":"","_links":{"self":[{"href":"https:\/\/autistasdemexico.org\/index.php\/wp-json\/wp\/v2\/pages\/1284","targetHints":{"allow":["GET"]}}],"collection":[{"href":"https:\/\/autistasdemexico.org\/index.php\/wp-json\/wp\/v2\/pages"}],"about":[{"href":"https:\/\/autistasdemexico.org\/index.php\/wp-json\/wp\/v2\/types\/page"}],"author":[{"embeddable":true,"href":"https:\/\/autistasdemexico.org\/index.php\/wp-json\/wp\/v2\/users\/1"}],"replies":[{"embeddable":true,"href":"https:\/\/autistasdemexico.org\/index.php\/wp-json\/wp\/v2\/comments?post=1284"}],"version-history":[{"count":7,"href":"https:\/\/autistasdemexico.org\/index.php\/wp-json\/wp\/v2\/pages\/1284\/revisions"}],"predecessor-version":[{"id":1878,"href":"https:\/\/autistasdemexico.org\/index.php\/wp-json\/wp\/v2\/pages\/1284\/revisions\/1878"}],"wp:attachment":[{"href":"https:\/\/autistasdemexico.org\/index.php\/wp-json\/wp\/v2\/media?parent=1284"}],"curies":[{"name":"wp","href":"https:\/\/api.w.org\/{rel}","templated":true}]}}